{"id":1744,"date":"2025-01-06T17:54:24","date_gmt":"2025-01-06T17:54:24","guid":{"rendered":"https:\/\/patoko.com\/?page_id=1744"},"modified":"2025-02-27T12:42:40","modified_gmt":"2025-02-27T12:42:40","slug":"app","status":"publish","type":"page","link":"https:\/\/patoko.com\/sq\/app\/","title":{"rendered":"Aplikacion"},"content":{"rendered":"<h1 class=\"wp-block-heading has-text-align-center\" id=\"please-install-patoko\">Instaloni aplikacionin Patoko me nj\u00eb prekje t\u00eb vetme<\/h1>\n\n\n\n<p class=\"has-text-align-center\">Duket sikur <strong>Nuk e ke t\u00eb instaluar aplikacionin Patoko<\/strong>. <\/p>\n\n\n\n<figure class=\"wp-block-image aligncenter size-large is-resized\"><img loading=\"lazy\" decoding=\"async\" width=\"1024\" height=\"1024\" src=\"https:\/\/patoko.com\/wp-content\/uploads\/QR-Code-for-Dub.co_-1024x1024.png\" alt=\"QR Code to download Patoko\" class=\"wp-image-2542\" style=\"width:223px;height:auto\" srcset=\"https:\/\/patoko.com\/wp-content\/uploads\/QR-Code-for-Dub.co_-1024x1024.png 1024w, https:\/\/patoko.com\/wp-content\/uploads\/QR-Code-for-Dub.co_-300x300.png 300w, https:\/\/patoko.com\/wp-content\/uploads\/QR-Code-for-Dub.co_-150x150.png 150w, https:\/\/patoko.com\/wp-content\/uploads\/QR-Code-for-Dub.co_-768x768.png 768w, https:\/\/patoko.com\/wp-content\/uploads\/QR-Code-for-Dub.co_-1536x1536.png 1536w, https:\/\/patoko.com\/wp-content\/uploads\/QR-Code-for-Dub.co_.png 2048w\" sizes=\"auto, (max-width: 1024px) 100vw, 1024px\" \/><\/figure>\n\n\n\n<p class=\"has-text-align-center\"><br><strong>Ju lutemi instaloni aplikacionin Patoko deri m\u00eb <a href=\"https:\/\/patoko.link\" class=\"ek-link\">duke trokitur k\u00ebtu<\/a>, ose nj\u00eb nga butonat m\u00eb posht\u00eb.<\/strong><\/p>\n\n\n\n<div class=\"wp-block-columns is-layout-flex wp-container-core-columns-is-layout-28f84493 wp-block-columns-is-layout-flex\">\n<div class=\"wp-block-column is-layout-flow wp-block-column-is-layout-flow\">\n<figure class=\"wp-block-image aligncenter size-full is-resized\"><a href=\"https:\/\/play.google.com\/store\/apps\/details?id=com.patoko.patoko&amp;hl=en\" target=\"_blank\" rel=\" noreferrer noopener\"><img loading=\"lazy\" decoding=\"async\" width=\"270\" height=\"80\" src=\"https:\/\/patoko.com\/wp-content\/uploads\/Google-Play-Badge.png\" alt=\"Android App Store Download graphic\/button for Patoko download.\" class=\"wp-image-1582\" style=\"width:auto;height:110px\"\/><\/a><\/figure>\n<\/div>\n\n\n\n<div class=\"wp-block-column is-layout-flow wp-block-column-is-layout-flow\">\n<figure class=\"wp-block-image aligncenter size-full is-resized\"><a href=\"https:\/\/apps.apple.com\/us\/app\/patoko\/id6443835473\" target=\"_blank\" rel=\" noreferrer noopener\"><img decoding=\"async\" src=\"https:\/\/patoko.com\/wp-content\/uploads\/Download_on_the_App_Store_Badge_US-UK_RGB_blk_092917.svg\" alt=\"Apple App Store Download graphic\/button for Patoko download.\" class=\"wp-image-1583\" style=\"width:auto;height:110px\"\/><\/a><\/figure>\n<\/div>\n<\/div>\n\n\n\n<p><\/p>\n\n\n\n<h2 class=\"wp-block-heading\" id=\"why-download-the-patoko-app\">Pse t\u00eb shkarkoni aplikacionin Patoko?<\/h2>\n\n\n\n<h4 class=\"wp-block-heading\" id=\"what-is-patoko-patoko-is-albania-s-leading-super-app-offering-a-wide-range-of-services-including-taxi-hailing-cleaning-services-beauty-appointments-and-more-all-within-a-single-user-friendly-interface\"><strong>\u00c7far\u00eb \u00ebsht\u00eb Patoko?<\/strong><\/h4>\n\n\n\n<p><br>Patoko \u00ebsht\u00eb aplikacioni super i Shqip\u00ebris\u00eb, q\u00eb ofron nj\u00eb gam\u00eb t\u00eb gjer\u00eb sh\u00ebrbimesh, duke p\u00ebrfshir\u00eb thirrjen e taksive, sh\u00ebrbimet e pastrimit, takimet e bukuris\u00eb dhe m\u00eb shum\u00eb, t\u00eb gjitha brenda nj\u00eb nd\u00ebrfaqe t\u00eb vetme miq\u00ebsore p\u00ebr p\u00ebrdoruesit.<\/p>\n\n\n\n<h4 class=\"wp-block-heading\" id=\"how-can-patoko-simplify-my-daily-life-patoko-streamlines-various-tasks-by-allowing-you-to-book-multiple-services-from-transportation-to-home-services-all-in-one-app-this-saves-time-and-reduces-the-need-for-multiple-applications\"><strong>Si mund ta thjeshtoj\u00eb Patoko jet\u00ebn time t\u00eb p\u00ebrditshme?<\/strong><\/h4>\n\n\n\n<p><br>Patoko thjeshton detyra t\u00eb ndryshme duke ju lejuar t\u00eb rezervoni sh\u00ebrbime t\u00eb shumta, nga transporti deri te sh\u00ebrbimet n\u00eb sht\u00ebpi, t\u00eb gjitha n\u00eb nj\u00eb aplikacion t\u00eb vet\u00ebm. Kjo kursen koh\u00eb dhe zvog\u00eblon nevoj\u00ebn p\u00ebr aplikacione t\u00eb shumta.<\/p>\n\n\n\n<h4 class=\"wp-block-heading\" id=\"is-patoko-reliable\"><strong>A \u00ebsht\u00eb i besuesh\u00ebm Patoko?<\/strong><\/h4>\n\n\n\n<p><br>Po, Patoko ka treguar nj\u00eb rritje t\u00eb jasht\u00ebzakonshme me mbi 170,000 p\u00ebrdorues dhe 2,500 p\u00ebrdorues aktiv\u00eb \u00e7do dit\u00eb. Ne u sh\u00ebrbejm\u00eb mij\u00ebra p\u00ebrdoruesve \u00e7do jav\u00eb.<\/p>\n\n\n\n<h4 class=\"wp-block-heading\" id=\"what-services-can-i-access-through-patoko-patoko-offers-a-range-of-services-including-taxi-hailing-cleaning-services-beauty-appointments-real-time-bus-tracking-and-more-the-app-continues-to-expand-its-offerings-to-meet-user-needs\"><strong>N\u00eb \u00e7far\u00eb sh\u00ebrbimesh mund t\u00eb hyj p\u00ebrmes Patoko?<\/strong><\/h4>\n\n\n\n<p><br>Patoko ofron nj\u00eb gam\u00eb sh\u00ebrbimesh duke p\u00ebrfshir\u00eb thirrjen e taksive, sh\u00ebrbimet e pastrimit, takimet e bukuris\u00eb, gjurmimin e autobus\u00ebve n\u00eb koh\u00eb reale dhe m\u00eb shum\u00eb. Aplikacioni vazhdon t\u00eb zgjeroj\u00eb ofertat e tij p\u00ebr t\u00eb p\u00ebrmbushur nevojat e p\u00ebrdoruesve.<\/p>\n\n\n\n<h4 class=\"wp-block-heading\" id=\"are-there-any-special-features-or-benefits\"><strong>A ka ndonj\u00eb ve\u00e7ori ose p\u00ebrfitim t\u00eb ve\u00e7ant\u00eb?<\/strong><\/h4>\n\n\n\n<p><br>Po, Patoko ofron nj\u00eb program besnik\u00ebrie, zbritje ekskluzive nga tregtar\u00ebt vendas dhe gjurmim n\u00eb koh\u00eb reale p\u00ebr sh\u00ebrbime t\u00eb ndryshme, duke p\u00ebrmir\u00ebsuar p\u00ebrvojat tuaja.<\/p>\n\n\n\n<h4 class=\"wp-block-heading\" id=\"is-patoko-only-available-in-tirana\"><strong>A \u00ebsht\u00eb Patoko i disponuesh\u00ebm vet\u00ebm n\u00eb Tiran\u00eb?<\/strong><\/h4>\n\n\n\n<p><br>Nd\u00ebrkoh\u00eb q\u00eb Patoko filloi n\u00eb Tiran\u00eb, po zgjerohet me shpejt\u00ebsi. Ne kemi plane p\u00ebr rritje rajonale dhe madje edhe transkontinentale, duke synuar t&#039;u sh\u00ebrbejm\u00eb p\u00ebrdoruesve p\u00ebrtej Shqip\u00ebris\u00eb n\u00eb t\u00eb ardhmen.<\/p>\n\n\n\n<h4 class=\"wp-block-heading\" id=\"how-does-using-patoko-benefit-the-local-economy-by-choosing-patoko-you-re-supporting-a-homegrown-albanian-innovation-the-company-s-success-contributes-to-albania-s-growing-tech-ecosystem-and-helps-position-the-country-in-the-global-tech-landscape\"><strong>Si i sjell dobi ekonomis\u00eb lokale p\u00ebrdorimi i Patoko?<\/strong><\/h4>\n\n\n\n<p><br>Duke zgjedhur Patoko, ju po mb\u00ebshtesni nj\u00eb inovacion vendas n\u00eb Shqip\u00ebri. Ne po punojm\u00eb p\u00ebr t\u00eb kontribuar n\u00eb ekosistemin teknologjik n\u00eb rritje t\u00eb Shqip\u00ebris\u00eb dhe p\u00ebr t\u00eb ndihmuar n\u00eb pozicionimin e vendit n\u00eb peizazhin global t\u00eb teknologjis\u00eb. <\/p>\n\n\n\n<h4 class=\"wp-block-heading\" id=\"how-can-i-contact-patoko\"><strong>Si mund t\u00eb kontaktoj Patoko?<\/strong><\/h4>\n\n\n\n<p>Na njoftoni vet\u00ebm n\u00eb <a href=\"https:\/\/patoko.com\/sq\/contact\/\" class=\"ek-link\">patoko.com\/kontakt<\/a> \u2014 Ne mezi presim t\u00eb d\u00ebgjojm\u00eb nga ju! <\/p>","protected":false},"excerpt":{"rendered":"<p>M\u00ebnyra e leht\u00eb p\u00ebr t\u00eb shkarkuar Patoko! Merrni versionin m\u00eb t\u00eb fundit, kontrollin e p\u00ebrputhshm\u00ebris\u00eb dhe k\u00ebshillat e siguris\u00eb k\u00ebtu.<\/p>","protected":false},"author":2,"featured_media":0,"parent":0,"menu_order":0,"comment_status":"closed","ping_status":"closed","template":"","meta":{"_gspb_post_css":"","iawp_total_views":16733,"footnotes":""},"class_list":["post-1744","page","type-page","status-publish","hentry"],"blocksy_meta":{"has_hero_section":"enabled","hero_elements":[{"id":"custom_title","enabled":false,"heading_tag":"h1","title":"Sht\u00ebpi","__id":"WmZxXxp8boeV8NRE6Ro4I"},{"id":"custom_description","enabled":false,"description_visibility":{"desktop":true,"tablet":true,"mobile":false},"__id":"toxxbpFun6-HlKHwkrR2z"},{"id":"custom_meta","enabled":false,"meta_elements":[{"id":"author","enabled":true,"label":"By","has_author_avatar":"yes","avatar_size":25},{"id":"post_date","enabled":true,"label":"On","date_format_source":"default","date_format":"M j, Y"},{"id":"updated_date","enabled":false,"label":"On","date_format_source":"default","date_format":"M j, Y"},{"id":"categories","enabled":false,"label":"In","style":"simple"},{"id":"comments","enabled":true}],"page_meta_elements":{"joined":true,"articles_count":true,"comments":true},"__id":"vorvQGoSMgiMMvLjbgQ7F"},{"id":"breadcrumbs","enabled":false,"__id":"onjsI7XmOM-y2185g9232"},{"id":"content-block","enabled":false,"__id":"QsqEXEWJAdGpzagnh6Rn0"}],"styles_descriptor":{"styles":{"desktop":"[data-prefix=\"single_page\"] .entry-header .page-title {--theme-font-size:30px;} [data-prefix=\"single_page\"] .entry-header .entry-meta {--theme-font-weight:600;--theme-text-transform:uppercase;--theme-font-size:12px;--theme-line-height:1.3;}","tablet":"","mobile":""},"google_fonts":[],"version":6}},"_links":{"self":[{"href":"https:\/\/patoko.com\/sq\/wp-json\/wp\/v2\/pages\/1744","targetHints":{"allow":["GET"]}}],"collection":[{"href":"https:\/\/patoko.com\/sq\/wp-json\/wp\/v2\/pages"}],"about":[{"href":"https:\/\/patoko.com\/sq\/wp-json\/wp\/v2\/types\/page"}],"author":[{"embeddable":true,"href":"https:\/\/patoko.com\/sq\/wp-json\/wp\/v2\/users\/2"}],"replies":[{"embeddable":true,"href":"https:\/\/patoko.com\/sq\/wp-json\/wp\/v2\/comments?post=1744"}],"version-history":[{"count":10,"href":"https:\/\/patoko.com\/sq\/wp-json\/wp\/v2\/pages\/1744\/revisions"}],"predecessor-version":[{"id":2550,"href":"https:\/\/patoko.com\/sq\/wp-json\/wp\/v2\/pages\/1744\/revisions\/2550"}],"wp:attachment":[{"href":"https:\/\/patoko.com\/sq\/wp-json\/wp\/v2\/media?parent=1744"}],"curies":[{"name":"wp","href":"https:\/\/api.w.org\/{rel}","templated":true}]}}